{"id":959,"date":"2025-02-12T10:27:24","date_gmt":"2025-02-12T10:27:24","guid":{"rendered":"https:\/\/mystikcomms.com\/about-2\/"},"modified":"2025-11-25T17:28:19","modified_gmt":"2025-11-25T17:28:19","slug":"nosaltres","status":"publish","type":"page","link":"https:\/\/mystikcomms.com\/es\/nosaltres\/","title":{"rendered":"Nosotros"},"content":{"rendered":"<div data-elementor-type=\"wp-page\" data-elementor-id=\"959\" class=\"elementor elementor-959\" data-elementor-post-type=\"page\">\n\t\t\t\t<div class=\"elementor-element elementor-element-7211af7a e-flex e-con-boxed e-con e-parent\" data-id=\"7211af7a\" data-element_type=\"container\" data-e-type=\"container\">\n\t\t\t\t\t<div class=\"e-con-inner\">\n\t\t\t\t<div class=\"elementor-element elementor-element-2b210c1b elementor-widget elementor-widget-heading\" data-id=\"2b210c1b\" data-element_type=\"widget\" data-e-type=\"widget\" data-widget_type=\"heading.default\">\n\t\t\t\t<div class=\"elementor-widget-container\">\n\t\t\t\t\t<h1 class=\"elementor-heading-title elementor-size-default\">sobre nosaltres<\/h1>\t\t\t\t<\/div>\n\t\t\t\t<\/div>\n\t\t\t\t\t<\/div>\n\t\t\t\t<\/div>\n\t\t<div class=\"elementor-element elementor-element-4e41896e e-flex e-con-boxed e-con e-parent\" data-id=\"4e41896e\" data-element_type=\"container\" data-e-type=\"container\">\n\t\t\t\t\t<div class=\"e-con-inner\">\n\t\t\t\t<div class=\"elementor-element elementor-element-482debb4 elementor-cta--layout-image-left elementor-cta--mobile-layout-image-above elementor-cta--tablet-layout-image-above elementor-cta--skin-classic elementor-animated-content elementor-widget elementor-widget-call-to-action\" data-id=\"482debb4\" data-element_type=\"widget\" data-e-type=\"widget\" data-widget_type=\"call-to-action.default\">\n\t\t\t\t<div class=\"elementor-widget-container\">\n\t\t\t\t\t\t\t<div class=\"elementor-cta\">\n\t\t\t\t\t<div class=\"elementor-cta__bg-wrapper\">\n\t\t\t\t<div class=\"elementor-cta__bg elementor-bg\" style=\"background-image: url(https:\/\/mystikcomms.com\/wp-content\/uploads\/2025\/11\/rawpixel-com-lifeofpix-rawpixelcom1624-307111-scaled.jpg);\" role=\"img\" aria-label=\"Laptop in a coworking space\"><\/div>\n\t\t\t\t<div class=\"elementor-cta__bg-overlay\"><\/div>\n\t\t\t<\/div>\n\t\t\t\t\t\t\t<div class=\"elementor-cta__content\">\n\t\t\t\t\n\t\t\t\t\t\t\t\t\t<h2 class=\"elementor-cta__title elementor-cta__content-item elementor-content-item\">\n\t\t\t\t\t\tQu\u00e8 fem?\t\t\t\t\t<\/h2>\n\t\t\t\t\n\t\t\t\t\t\t\t\t\t<div class=\"elementor-cta__description elementor-cta__content-item elementor-content-item\">\n\t\t\t\t\t\tAjudem marques outdoor, esportives i lifestyle a comunicar-se amb claredat i creativitat.\n\nLa nostra feina combina estrat\u00e8gia, direcci\u00f3 i execuci\u00f3 en branding, contingut i experi\u00e8ncies.\n\nDirecte, pr\u00e0ctic i visualment potent.\t\t\t\t\t<\/div>\n\t\t\t\t\n\t\t\t\t\t\t\t<\/div>\n\t\t\t\t\t\t<\/div>\n\t\t\t\t\t\t<\/div>\n\t\t\t\t<\/div>\n\t\t\t\t<div class=\"elementor-element elementor-element-10e1acf1 elementor-cta--layout-image-right elementor-cta--mobile-layout-image-above elementor-cta--tablet-layout-image-above elementor-cta--skin-classic elementor-animated-content elementor-widget elementor-widget-call-to-action\" data-id=\"10e1acf1\" data-element_type=\"widget\" data-e-type=\"widget\" data-widget_type=\"call-to-action.default\">\n\t\t\t\t<div class=\"elementor-widget-container\">\n\t\t\t\t\t\t\t<div class=\"elementor-cta\">\n\t\t\t\t\t<div class=\"elementor-cta__bg-wrapper\">\n\t\t\t\t<div class=\"elementor-cta__bg elementor-bg\" style=\"background-image: url(https:\/\/mystikcomms.com\/wp-content\/uploads\/2025\/11\/christian-fregnan-lifeofpix-christianfregnan2680-306658-scaled.jpg);\" role=\"img\" aria-label=\"christian-fregnan-lifeofpix-christianfregnan2680-306658\"><\/div>\n\t\t\t\t<div class=\"elementor-cta__bg-overlay\"><\/div>\n\t\t\t<\/div>\n\t\t\t\t\t\t\t<div class=\"elementor-cta__content\">\n\t\t\t\t\n\t\t\t\t\t\t\t\t\t<h2 class=\"elementor-cta__title elementor-cta__content-item elementor-content-item\">\n\t\t\t\t\t\tCom treballem?\t\t\t\t\t<\/h2>\n\t\t\t\t\n\t\t\t\t\t\t\t\t\t<div class=\"elementor-cta__description elementor-cta__content-item elementor-content-item\">\n\t\t\t\t\t\tEl nostre proc\u00e9s est\u00e0 pensat per ser clar i eficient: <br>\nEscoltar \u2014 entendre la marca i la seva realitat <br>\nDefinir \u2014 establir fonaments: posicionament, to, narrativa i direcci\u00f3 <br>\nCrear \u2014 desenvolupar conceptes, contingut i llenguatge visual <br>\nLliurar \u2014 donar forma a un resultat coherent <br>\nRefinar \u2014 mantenir all\u00f2 que funciona i millorar la resta <br> <br>\nTreballem amb una petita xarxa de col\u00b7laboradors quan cal, creant l\u2019equip perfecte adaptat a les necessitats del projecte.\t\t\t\t\t<\/div>\n\t\t\t\t\n\t\t\t\t\t\t\t<\/div>\n\t\t\t\t\t\t<\/div>\n\t\t\t\t\t\t<\/div>\n\t\t\t\t<\/div>\n\t\t\t\t<div class=\"elementor-element elementor-element-11616fd1 elementor-cta--layout-image-left elementor-cta--mobile-layout-image-above elementor-cta--tablet-layout-image-above elementor-cta--skin-classic elementor-animated-content elementor-widget elementor-widget-call-to-action\" data-id=\"11616fd1\" data-element_type=\"widget\" data-e-type=\"widget\" data-widget_type=\"call-to-action.default\">\n\t\t\t\t<div class=\"elementor-widget-container\">\n\t\t\t\t\t\t\t<div class=\"elementor-cta\">\n\t\t\t\t\t<div class=\"elementor-cta__bg-wrapper\">\n\t\t\t\t<div class=\"elementor-cta__bg elementor-bg\" style=\"background-image: url(https:\/\/mystikcomms.com\/wp-content\/uploads\/2025\/02\/9.png);\" role=\"img\" aria-label=\"9\"><\/div>\n\t\t\t\t<div class=\"elementor-cta__bg-overlay\"><\/div>\n\t\t\t<\/div>\n\t\t\t\t\t\t\t<div class=\"elementor-cta__content\">\n\t\t\t\t\n\t\t\t\t\t\t\t\t\t<h2 class=\"elementor-cta__title elementor-cta__content-item elementor-content-item\">\n\t\t\t\t\t\t\u00bfPor qu\u00e9 Mystik.Comms?\t\t\t\t\t<\/h2>\n\t\t\t\t\n\t\t\t\t\t\t\t\t\t<div class=\"elementor-cta__description elementor-cta__content-item elementor-content-item\">\n\t\t\t\t\t\tLes marques necessiten estructura, consist\u00e8ncia i idees clares.\nNo necessiten equips m\u00e9s grans ni m\u00e9s reunions \u2014 necessiten alg\u00fa que pensi amb criteri, simplifiqui i converteixi idees en resultats s\u00f2lids. <br> <br>\nAix\u00f2 \u00e9s el que aportem: estrat\u00e8gia clara, direcci\u00f3 creativa i execuci\u00f3 amb intenci\u00f3.\t\t\t\t\t<\/div>\n\t\t\t\t\n\t\t\t\t\t\t\t<\/div>\n\t\t\t\t\t\t<\/div>\n\t\t\t\t\t\t<\/div>\n\t\t\t\t<\/div>\n\t\t\t\t\t<\/div>\n\t\t\t\t<\/div>\n\t\t<div class=\"elementor-element elementor-element-70a2f3f e-flex e-con-boxed e-con e-parent\" data-id=\"70a2f3f\" data-element_type=\"container\" data-e-type=\"container\" data-settings=\"{&quot;background_background&quot;:&quot;classic&quot;}\">\n\t\t\t\t\t<div class=\"e-con-inner\">\n\t\t\t\t<div class=\"elementor-element elementor-element-ce0ec44 elementor-cta--layout-image-left elementor-cta--mobile-layout-image-above elementor-cta--tablet-layout-image-above elementor-cta--skin-classic elementor-animated-content elementor-widget elementor-widget-call-to-action\" data-id=\"ce0ec44\" data-element_type=\"widget\" data-e-type=\"widget\" data-widget_type=\"call-to-action.default\">\n\t\t\t\t<div class=\"elementor-widget-container\">\n\t\t\t\t\t\t\t<div class=\"elementor-cta\">\n\t\t\t\t\t<div class=\"elementor-cta__bg-wrapper\">\n\t\t\t\t<div class=\"elementor-cta__bg elementor-bg\" style=\"background-image: url(https:\/\/mystikcomms.com\/wp-content\/uploads\/2025\/02\/1721465106596.jpeg);\" role=\"img\" aria-label=\"1721465106596\"><\/div>\n\t\t\t\t<div class=\"elementor-cta__bg-overlay\"><\/div>\n\t\t\t<\/div>\n\t\t\t\t\t\t\t<div class=\"elementor-cta__content\">\n\t\t\t\t\n\t\t\t\t\t\t\t\t\t<h2 class=\"elementor-cta__title elementor-cta__content-item elementor-content-item\">\n\t\t\t\t\t\tDarrere de Mystik.Comms\t\t\t\t\t<\/h2>\n\t\t\t\t\n\t\t\t\t\t\t\t\t\t<div class=\"elementor-cta__description elementor-cta__content-item elementor-content-item\">\n\t\t\t\t\t\tS\u00f3c Maria Sabat\u00e9, estratega creativa i fundadora de Mystik.Comms. <br> <br>\nVinc del m\u00f3n del branding, la comunicaci\u00f3 i l\u2019impacte social, treballant amb empreses, organitzacions i esdeveniments de diferents sectors. <br> <br>\nVinculada al m\u00f3n outdoor a trav\u00e9s de l\u2019esport, l\u2019entrenament i la comunitat, treballo de manera directa, pr\u00e0ctica i basada en experi\u00e8ncia real. <br> <br>\nGestiono projectes des de la primera idea fins al lliurament final, mantenint-ho tot simple, organitzat i alineat amb la marca.\n\t\t\t\t\t<\/div>\n\t\t\t\t\n\t\t\t\t\t\t\t<\/div>\n\t\t\t\t\t\t<\/div>\n\t\t\t\t\t\t<\/div>\n\t\t\t\t<\/div>\n\t\t\t\t\t<\/div>\n\t\t\t\t<\/div>\n\t\t<div class=\"elementor-element elementor-element-3e548c9d e-flex e-con-boxed e-con e-parent\" data-id=\"3e548c9d\" data-element_type=\"container\" data-e-type=\"container\">\n\t\t\t\t\t<div class=\"e-con-inner\">\n\t\t\t\t<div class=\"elementor-element elementor-element-390befce elementor-cta--layout-image-left elementor-cta--mobile-layout-image-above elementor-cta--skin-classic elementor-animated-content elementor-widget elementor-widget-call-to-action\" data-id=\"390befce\" data-element_type=\"widget\" data-e-type=\"widget\" data-widget_type=\"call-to-action.default\">\n\t\t\t\t<div class=\"elementor-widget-container\">\n\t\t\t\t\t\t\t<div class=\"elementor-cta\">\n\t\t\t\t\t<div class=\"elementor-cta__bg-wrapper\">\n\t\t\t\t<div class=\"elementor-cta__bg elementor-bg\" style=\"background-image: url(https:\/\/mystikcomms.com\/wp-content\/uploads\/2025\/02\/png.png);\" role=\"img\" aria-label=\"png\"><\/div>\n\t\t\t\t<div class=\"elementor-cta__bg-overlay\"><\/div>\n\t\t\t<\/div>\n\t\t\t\t\t\t\t<div class=\"elementor-cta__content\">\n\t\t\t\t\n\t\t\t\t\t\t\t\t\t<h2 class=\"elementor-cta__title elementor-cta__content-item elementor-content-item\">\n\t\t\t\t\t\tEmpieza a transformar tu marca\t\t\t\t\t<\/h2>\n\t\t\t\t\n\t\t\t\t\t\t\t\t\t<div class=\"elementor-cta__description elementor-cta__content-item elementor-content-item\">\n\t\t\t\t\t\t\u00a1Nos encantar\u00e1 escucharte! Ll\u00e1manos, escr\u00edbenos o tomemos un caf\u00e9 para empezar a darle forma a tu marca y posicionarla en la mente de tu cliente.\t\t\t\t\t<\/div>\n\t\t\t\t\n\t\t\t\t\t\t\t\t\t<div class=\"elementor-cta__button-wrapper elementor-cta__content-item elementor-content-item\">\n\t\t\t\t\t<a class=\"elementor-cta__button elementor-button elementor-size-md\" href=\"https:\/\/mystikcomms.com\/es\/contact\/\">\n\t\t\t\t\t\tHablemos\t\t\t\t\t<\/a>\n\t\t\t\t\t<\/div>\n\t\t\t\t\t\t\t<\/div>\n\t\t\t\t\t\t<\/div>\n\t\t\t\t\t\t<\/div>\n\t\t\t\t<\/div>\n\t\t\t\t\t<\/div>\n\t\t\t\t<\/div>\n\t\t\t\t<\/div>","protected":false},"excerpt":{"rendered":"<p>sobre nosaltres Qu\u00e8 fem? Ajudem marques outdoor, esportives i lifestyle a comunicar-se amb claredat i creativitat. La nostra feina combina estrat\u00e8gia, direcci\u00f3 i execuci\u00f3 en branding, contingut i experi\u00e8ncies. Directe, pr\u00e0ctic i visualment potent. Com treballem? El nostre proc\u00e9s est\u00e0 pensat per ser clar i eficient: Escoltar \u2014 entendre la marca i la seva realitat [&hellip;]<\/p>","protected":false},"author":1,"featured_media":0,"parent":0,"menu_order":0,"comment_status":"closed","ping_status":"closed","template":"elementor_header_footer","meta":{"_eb_attr":"","_uag_custom_page_level_css":"","footnotes":""},"class_list":["post-959","page","type-page","status-publish","hentry"],"aioseo_notices":[],"uagb_featured_image_src":{"full":false,"thumbnail":false,"medium":false,"medium_large":false,"large":false,"1536x1536":false,"2048x2048":false,"trp-custom-language-flag":false},"uagb_author_info":{"display_name":"mariasabatevernet@gmail.com","author_link":"https:\/\/mystikcomms.com\/es\/author\/mariasabatevernetgmail-com\/"},"uagb_comment_info":0,"uagb_excerpt":"sobre nosaltres Qu\u00e8 fem? Ajudem marques outdoor, esportives i lifestyle a comunicar-se amb claredat i creativitat. La nostra feina combina estrat\u00e8gia, direcci\u00f3 i execuci\u00f3 en branding, contingut i experi\u00e8ncies. Directe, pr\u00e0ctic i visualment potent. Com treballem? El nostre proc\u00e9s est\u00e0 pensat per ser clar i eficient: Escoltar \u2014 entendre la marca i la seva realitat&hellip;","_links":{"self":[{"href":"https:\/\/mystikcomms.com\/es\/wp-json\/wp\/v2\/pages\/959","targetHints":{"allow":["GET"]}}],"collection":[{"href":"https:\/\/mystikcomms.com\/es\/wp-json\/wp\/v2\/pages"}],"about":[{"href":"https:\/\/mystikcomms.com\/es\/wp-json\/wp\/v2\/types\/page"}],"author":[{"embeddable":true,"href":"https:\/\/mystikcomms.com\/es\/wp-json\/wp\/v2\/users\/1"}],"replies":[{"embeddable":true,"href":"https:\/\/mystikcomms.com\/es\/wp-json\/wp\/v2\/comments?post=959"}],"version-history":[{"count":32,"href":"https:\/\/mystikcomms.com\/es\/wp-json\/wp\/v2\/pages\/959\/revisions"}],"predecessor-version":[{"id":1325,"href":"https:\/\/mystikcomms.com\/es\/wp-json\/wp\/v2\/pages\/959\/revisions\/1325"}],"wp:attachment":[{"href":"https:\/\/mystikcomms.com\/es\/wp-json\/wp\/v2\/media?parent=959"}],"curies":[{"name":"wp","href":"https:\/\/api.w.org\/{rel}","templated":true}]}}